{"id":144,"date":"2025-06-16T16:29:22","date_gmt":"2025-06-16T16:29:22","guid":{"rendered":"https:\/\/segredoseguro.com\/?page_id=144"},"modified":"2025-06-16T16:29:22","modified_gmt":"2025-06-16T16:29:22","slug":"sobre-nos","status":"publish","type":"page","link":"https:\/\/segredoseguro.com\/ko\/sobre-nos\/","title":{"rendered":"Sobre N\u00f3s"},"content":{"rendered":"<p>\uc601\ud615 <strong>\uc138\uadf8\ub808\ub3c4 \uc138\uad6c\ub85c<\/strong> \u00e9 sua Fonte confi\u00e1vel de informa\u00e7\u00f5es para quem deseja entender, com clareza e seguran\u00e7a, tudo sobre o universo dos seguros. Aqui, descomplicamos temas complexos comotipos de seguros, cl\u00e1usulas, coberturas, exlus\u00f5es e direitos dos segurados \u2014 semper com uma linguagem acess\u00edvel, objetiva e livre de burocracias.<\/p>\n\n\n\n<p>Nosso objetivo \u00e9 ajudar voc\u00ea a tomar decis\u00f5es conscientes e bem informadas quando o assunto \u00e9 proteger aquilo que mais importa: sua vida, seu patrim\u00f4nio e sua \ud3c9\uc628\ud568. \ub9ce\uc740 \uc0ac\ub78c\ub4e4\uc774 \uc0b6\uc758 \uc2dc\uac04, \uc790\ub3d9\ucc28, \uc8fc\uac70\uc6a9, \uc790\ub3d9\ucc28, \ucc28\ub7c9, \uc678\ubd80 \uc678\ubd80\uc5d0 \ub300\ud574 \uae4a\uc774 \uc0dd\uac01\ud558\uace0 \uc788\uc73c\uba70, \ud544\uc694\ud55c \uacbd\uc6b0 \ub354 \ub098\uc740 \ubcf4\ud638\ub97c \uc704\ud574 \ub3d9\uc591\uc758 \uc2e4\uc81c \uc0dd\ud65c\uc744 \ubcf4\ud638\ud569\ub2c8\ub2e4.<\/p>\n\n\n\n<p>Vivemos em um mercado cheio de informa\u00e7\u00f5es desencontradas, termos t\u00e9cnicos and detalhes que muitas vezes confundem mais do que ajudam. \u00c9 exatamente nesse que o que o \uc2dc\ub098\ub9ac\uc624 <strong>\uc138\uadf8\ub808\ub3c4 \uc138\uad6c\ub85c<\/strong> atua: \uc815\ubcf4\ub97c \ubcc0\ud658\ud558\uba74 \ub0b4\uc6a9\uc774 \uba85\ud655\ud558\uace0 \ubaa9\ud45c\uac00 \uba85\ud655\ud574\uc9c0\uba70, saiba exatamente o que est\u00e1 contratando e evite surpresas desagrad\u00e1veis.<\/p>\n\n\n\n<p>Vale destacar que o <strong>Segredo Seguro\ub294 \ubcf4\uc548\uc5d0 \ub300\ud574 \ubcf4\uc548\uc744 \uc720\uc9c0\ud558\uace0 \uc788\uc73c\uba70, \uacbd\ucc30\uc774 \ubcf4\uc548\uc744 \uc720\uc9c0\ud558\uace0 \uc788\uc73c\uba70 \ubcf4\uc548\uc744 \uc720\uc9c0\ud558\uace0 \uc788\ub294 \uacbd\uc6b0\uac00 \uc5c6\uc2b5\ub2c8\ub2e4.<\/strong>. Nosso compromisso \u00e9 puramente informativo, com total independent Editorial. Nosso papel \u00e9 orientar, esclarecer e empoderar voc\u00ea \u2014 n\u00e3o intermediar contrata\u00e7\u00f5es.<\/p>\n\n\n\n<hr class=\"wp-block-separator has-alpha-channel-opacity\" \/>\n\n\n\n<h2 class=\"wp-block-heading\">\ub178\uc0ac \ubbf8\uc0ac\uc624<\/h2>\n\n\n\n<p>Nossa miss\u00e3o \u00e9 tornar o mercado de seguros mais acess\u00edvel, transparente and f\u00e1cil de entender para qualquer pessoa. Trabalhamos para que tanto quem est\u00e1 contratando seu primeiro seguro quem j\u00e1 possui ap\u00f3lices possam tomar decis\u00f5es com mais seguran\u00e7a, clareza e confian\u00e7a.<\/p>\n\n\n\n<p>Nosso compromisso \u00e9 entregar informationa\u00e7\u00f5es verdadeiras, bem apuradas e livres de qualquer influ\u00eancia comercial. Aqui, promessas vazias\uc5d0 \ub300\ud55c \uc874\uc7ac\uac00 \uc874\uc7ac\ud558\uc9c0 \uc54a\uc73c\uba70, \uc6a9\uc5b4\uac00 \ubcf5\uc7a1\ud558\uac70\ub098 \uc124\uba85\uc774 \uc5b4\ub824\uc6b4 \uacbd\uc6b0\ub3c4 \uc788\uc2b5\ub2c8\ub2e4. \uc778\uc99d\ub428 <strong>\uc790\uaca9 \uc99d\uba85\uc5d0 \ub300\ud55c \uc815\ubcf4\ub294 \uc2e4\uc81c \uac00\uc838\uc624\uae30\uc5d0 \ub300\ud55c \uae30\ubcf8 \ubcf4\ud638 \uc7a5\uce58\uc785\ub2c8\ub2e4.<\/strong>.<\/p>\n\n\n\n<hr class=\"wp-block-separator has-alpha-channel-opacity\" \/>\n\n\n\n<h2 class=\"wp-block-heading\">O Que Voc\u00ea Encontra Aqui<\/h2>\n\n\n\n<p>Organizamos nossos conte\u00fados para acompanhar cada etapa da sua jornada no mundo dos seguros. Aqui, \ub300\ud654 \ub0b4\uc6a9:<\/p>\n\n\n\n<p>\ud83d\udd39 <strong>Planejamento e Escolha do Seguro \uc544\uc774\ub514\uc5bc<\/strong><br>Dicas e estrategias para entender suas reais necessidades, comparar produtos e escolher ortipo de seguro que mais faz sentido para sua vida e seu patri\u00f4nio.<\/p>\n\n\n\n<p>\ud83d\udd39 <strong>Entendendo Contratos, Coberturas \ubc0f Cl\u00e1usulas<\/strong><br>\uc124\uba85, \ub2e8\uc21c \ud615\uc2dd \ubc0f \uac1c\uccb4, \uc138\uad6c\ub85c\uc758 \ucf58\ud2b8\ub77c\ud1a0\uc2a4 \uae30\ub2a5, coberturas, \ud504\ub791\ud0a4\uc544\uc2a4, \uce74\ub80c\uc2dc\uc544\uc758 prazos de car\u00eancia, \ub3c5\uc810 \ubc0f obriga\u00e7\u00f5es tanto do segurado quato da seguradora.<\/p>\n\n\n\n<p>\ud83d\udd39 <strong>Direitos e Deveres do Segurado<\/strong><br>Saiba quais s\u00e3o seus direitos, como acionar o seguro, o que fazer em caso de negativa de cobertura, al\u00e9m de entender quais s\u00e3o assumidas assumidas ao against a ap\u00f3lice.<\/p>\n\n\n\n<p>\ud83d\udd39 <strong>Dicas para Contratar com Seguran\u00e7a<\/strong><br>Orienta\u00e7\u00f5es pr\u00e1ticas para evitar golpes, escolher empresas id\u00f4neas e compreender detalhes que fazem toda a diferen\u00e7a na contrata\u00e7\u00e3o.<\/p>\n\n\n\n<p>\ud83d\udd39 <strong>Not\u00edcias, Tend\u00eancias \ubc0f Atualiza\u00e7\u00f5es do Mercado de Seguros<\/strong><br>\ubc95\ub960\uc5d0 \ub530\ub77c \ubc95\ub960\uc744 \uc81c\uc815\ud558\uace0, \uc0c8\ub85c\uc6b4 \uae30\uc220\uc744 \uac1c\ubc1c\ud558\uace0 \uae30\uc220\uc744 \ud601\uc2e0\ud558\ub294 \uac83\uc740 \ubc29\ud5a5\uc5d0 \uc601\ud5a5\uc744 \ubbf8\uce58\uae30 \ub54c\ubb38\uc785\ub2c8\ub2e4.<\/p>\n\n\n\n<hr class=\"wp-block-separator has-alpha-channel-opacity\" \/>\n\n\n\n<h2 class=\"wp-block-heading\">\ub178\uc0ac \uc544\ubcf4\ub974\ub2e4\uc82c<\/h2>\n\n\n\n<p>\uc601\ud615 <strong>\uc138\uadf8\ub808\ub3c4 \uc138\uad6c\ub85c<\/strong> atua de forma totalmente independente, com um compromisso Firme com a <strong>\ubb34\ucc28\ubcc4\ud654, Clareza e Responsabilidade<\/strong>. Todo o conte\u00fado \u00e9 desenvolvido internamente, com base em pesquisa s\u00e9ria, an\u00e1lise t\u00e9cnica e acompanhamento Constante das Ten\u00eancias e mudan\u00e7as no mercado de seguros.<\/p>\n\n\n\n<p><strong>N\u00e3o aceitamos pagamentos para promover produtos, empresas ou servi\u00e7os.<\/strong> Nossa\ub294 \uc815\ubcf4\uc5d0 \ub300\ud55c \uc6b0\uc120 \uc21c\uc704\ub97c \uc815\ud558\uace0 \uc0c1\uc5c5 \uad11\uace0\uc5d0 \ub300\ud55c \uc815\ubcf4\ub97c \ud22c\uba85\ud558\uac8c \uacf5\uac1c\ud569\ub2c8\ub2e4. Acreditamos que entender como funciona o seguro \u00e9 um direito de todos e que o acesso \u00e0 informa\u00e7\u00e3o \u00e9 a chave para fazer escolhas mais conscientes and protegidas.<\/p>\n\n\n\n<p>Seja voc\u00ea algu\u00e9m que est\u00e1 buscando seu primeiro seguro ou quem deseja revisar sua prote\u00e7\u00e3o atual, o <strong>\uc138\uadf8\ub808\ub3c4 \uc138\uad6c\ub85c<\/strong> est\u00e1 aqui para ajudar, sem complica\u00e7\u00e3o, sem enrola\u00e7\u00e3o e, acima de tudo, com total compromisso com a sua seguran\u00e7a e \ud3c9\uc628\ud568.<\/p>\n\n\n\n<hr class=\"wp-block-separator has-alpha-channel-opacity\" \/>","protected":false},"excerpt":{"rendered":"<p>O Segredo Seguro \u00e9 sua fonte confi\u00e1vel de informa\u00e7\u00f5es para quem deseja entender, com clareza e seguran\u00e7a, tudo sobre o universo dos seguros. Aqui, descomplicamos temas complexos como tipos de seguros, cl\u00e1usulas, coberturas, exclus\u00f5es e direitos dos segurados \u2014 sempre com uma linguagem acess\u00edvel, objetiva e livre de burocracias. Nosso objetivo \u00e9 ajudar voc\u00ea a [&hellip;]<\/p>","protected":false},"author":5,"featured_media":0,"parent":0,"menu_order":0,"comment_status":"closed","ping_status":"closed","template":"","meta":{"footnotes":""},"yoast_head":"<!-- This site is optimized with the Yoast SEO plugin v23.3 - https:\/\/yoast.com\/wordpress\/plugins\/seo\/ -->\n<title>Sobre N\u00f3s - Segredo Seguro<\/title>\n<meta name=\"robots\" content=\"index, follow, max-snippet:-1, max-image-preview:large, max-video-preview:-1\" \/>\n<link rel=\"canonical\" href=\"https:\/\/segredoseguro.com\/ko\/sobre-nos\/\" \/>\n<meta property=\"og:locale\" content=\"ko_KR\" \/>\n<meta property=\"og:type\" content=\"article\" \/>\n<meta property=\"og:title\" content=\"Sobre N\u00f3s - Segredo Seguro\" \/>\n<meta property=\"og:description\" content=\"O Segredo Seguro \u00e9 sua fonte confi\u00e1vel de informa\u00e7\u00f5es para quem deseja entender, com clareza e seguran\u00e7a, tudo sobre o universo dos seguros. Aqui, descomplicamos temas complexos como tipos de seguros, cl\u00e1usulas, coberturas, exclus\u00f5es e direitos dos segurados \u2014 sempre com uma linguagem acess\u00edvel, objetiva e livre de burocracias. Nosso objetivo \u00e9 ajudar voc\u00ea a [&hellip;]\" \/>\n<meta property=\"og:url\" content=\"https:\/\/segredoseguro.com\/ko\/sobre-nos\/\" \/>\n<meta property=\"og:site_name\" content=\"Segredo Seguro\" \/>\n<meta name=\"twitter:card\" content=\"summary_large_image\" \/>\n<meta name=\"twitter:label1\" content=\"Est. reading time\" \/>\n\t<meta name=\"twitter:data1\" content=\"3\ubd84\" \/>\n<script type=\"application\/ld+json\" class=\"yoast-schema-graph\">{\"@context\":\"https:\/\/schema.org\",\"@graph\":[{\"@type\":\"WebPage\",\"@id\":\"https:\/\/segredoseguro.com\/sobre-nos\/\",\"url\":\"https:\/\/segredoseguro.com\/sobre-nos\/\",\"name\":\"Sobre N\u00f3s - Segredo Seguro\",\"isPartOf\":{\"@id\":\"https:\/\/segredoseguro.com\/#website\"},\"datePublished\":\"2025-06-16T16:29:22+00:00\",\"dateModified\":\"2025-06-16T16:29:22+00:00\",\"breadcrumb\":{\"@id\":\"https:\/\/segredoseguro.com\/sobre-nos\/#breadcrumb\"},\"inLanguage\":\"ko-KR\",\"potentialAction\":[{\"@type\":\"ReadAction\",\"target\":[\"https:\/\/segredoseguro.com\/sobre-nos\/\"]}]},{\"@type\":\"BreadcrumbList\",\"@id\":\"https:\/\/segredoseguro.com\/sobre-nos\/#breadcrumb\",\"itemListElement\":[{\"@type\":\"ListItem\",\"position\":1,\"name\":\"Home\",\"item\":\"https:\/\/segredoseguro.com\/\"},{\"@type\":\"ListItem\",\"position\":2,\"name\":\"Sobre N\u00f3s\"}]},{\"@type\":\"WebSite\",\"@id\":\"https:\/\/segredoseguro.com\/#website\",\"url\":\"https:\/\/segredoseguro.com\/\",\"name\":\"Segredo Seguro\",\"description\":\"\",\"potentialAction\":[{\"@type\":\"SearchAction\",\"target\":{\"@type\":\"EntryPoint\",\"urlTemplate\":\"https:\/\/segredoseguro.com\/?s={search_term_string}\"},\"query-input\":\"required name=search_term_string\"}],\"inLanguage\":\"ko-KR\"}]}<\/script>\n<!-- \/ Yoast SEO plugin. -->","yoast_head_json":{"title":"Sobre N\u00f3s - Segredo Seguro","robots":{"index":"index","follow":"follow","max-snippet":"max-snippet:-1","max-image-preview":"max-image-preview:large","max-video-preview":"max-video-preview:-1"},"canonical":"https:\/\/segredoseguro.com\/ko\/sobre-nos\/","og_locale":"ko_KR","og_type":"article","og_title":"Sobre N\u00f3s - Segredo Seguro","og_description":"O Segredo Seguro \u00e9 sua fonte confi\u00e1vel de informa\u00e7\u00f5es para quem deseja entender, com clareza e seguran\u00e7a, tudo sobre o universo dos seguros. Aqui, descomplicamos temas complexos como tipos de seguros, cl\u00e1usulas, coberturas, exclus\u00f5es e direitos dos segurados \u2014 sempre com uma linguagem acess\u00edvel, objetiva e livre de burocracias. Nosso objetivo \u00e9 ajudar voc\u00ea a [&hellip;]","og_url":"https:\/\/segredoseguro.com\/ko\/sobre-nos\/","og_site_name":"Segredo Seguro","twitter_card":"summary_large_image","twitter_misc":{"Est. reading time":"3\ubd84"},"schema":{"@context":"https:\/\/schema.org","@graph":[{"@type":"WebPage","@id":"https:\/\/segredoseguro.com\/sobre-nos\/","url":"https:\/\/segredoseguro.com\/sobre-nos\/","name":"Sobre N\u00f3s - Segredo Seguro","isPartOf":{"@id":"https:\/\/segredoseguro.com\/#website"},"datePublished":"2025-06-16T16:29:22+00:00","dateModified":"2025-06-16T16:29:22+00:00","breadcrumb":{"@id":"https:\/\/segredoseguro.com\/sobre-nos\/#breadcrumb"},"inLanguage":"ko-KR","potentialAction":[{"@type":"ReadAction","target":["https:\/\/segredoseguro.com\/sobre-nos\/"]}]},{"@type":"BreadcrumbList","@id":"https:\/\/segredoseguro.com\/sobre-nos\/#breadcrumb","itemListElement":[{"@type":"ListItem","position":1,"name":"Home","item":"https:\/\/segredoseguro.com\/"},{"@type":"ListItem","position":2,"name":"Sobre N\u00f3s"}]},{"@type":"WebSite","@id":"https:\/\/segredoseguro.com\/#website","url":"https:\/\/segredoseguro.com\/","name":"Segredo Seguro","description":"","potentialAction":[{"@type":"SearchAction","target":{"@type":"EntryPoint","urlTemplate":"https:\/\/segredoseguro.com\/?s={search_term_string}"},"query-input":"required name=search_term_string"}],"inLanguage":"ko-KR"}]}},"_links":{"self":[{"href":"https:\/\/segredoseguro.com\/ko\/wp-json\/wp\/v2\/pages\/144"}],"collection":[{"href":"https:\/\/segredoseguro.com\/ko\/wp-json\/wp\/v2\/pages"}],"about":[{"href":"https:\/\/segredoseguro.com\/ko\/wp-json\/wp\/v2\/types\/page"}],"author":[{"embeddable":true,"href":"https:\/\/segredoseguro.com\/ko\/wp-json\/wp\/v2\/users\/5"}],"replies":[{"embeddable":true,"href":"https:\/\/segredoseguro.com\/ko\/wp-json\/wp\/v2\/comments?post=144"}],"version-history":[{"count":1,"href":"https:\/\/segredoseguro.com\/ko\/wp-json\/wp\/v2\/pages\/144\/revisions"}],"predecessor-version":[{"id":145,"href":"https:\/\/segredoseguro.com\/ko\/wp-json\/wp\/v2\/pages\/144\/revisions\/145"}],"wp:attachment":[{"href":"https:\/\/segredoseguro.com\/ko\/wp-json\/wp\/v2\/media?parent=144"}],"curies":[{"name":"wp","href":"https:\/\/api.w.org\/{rel}","templated":true}]}}