{"id":144,"date":"2025-06-16T16:29:22","date_gmt":"2025-06-16T16:29:22","guid":{"rendered":"https:\/\/segredoseguro.com\/?page_id=144"},"modified":"2025-06-16T16:29:22","modified_gmt":"2025-06-16T16:29:22","slug":"sobre-nos","status":"publish","type":"page","link":"https:\/\/segredoseguro.com\/fr\/sobre-nos\/","title":{"rendered":"Sobre N\u00f3s"},"content":{"rendered":"<p>O <strong>Segredo Seguro<\/strong> C&#039;est votre source d&#039;informations confidentielles pour ce que vous voulez entendre, avec clart\u00e9 et s\u00e9curit\u00e9, tout sur l&#039;univers des s\u00e9curit\u00e9s. Ici, nous d\u00e9complexons les th\u00e8mes complexes comme les types de s\u00e9curit\u00e9, les clauses, les couvertures, les exclusivit\u00e9s et les droits des s\u00e9curit\u00e9s \u2014 toujours avec une langue accessible, objet et livre de burocracias.<\/p>\n\n\n\n<p>Notre objectif est de vous aider \u00e0 prendre des d\u00e9cisions consciencieuses et \u00e0 vous informer lorsque vous assurez la protection de ce qui est le plus important\u00a0: votre vie, votre patrimoine et votre tranquillit\u00e9. Nous avons des informations d\u00e9taill\u00e9es sur la s\u00e9curit\u00e9 de la vie, de l&#039;automobile, du r\u00e9sidentiel, de la sant\u00e9, du voyage, entre autres, ainsi que des orientations pratiques sur la recherche d&#039;une meilleure protection pour vos besoins.<\/p>\n\n\n\n<p>Nous vivons dans un march\u00e9 o\u00f9 se trouvent des informations d\u00e9taill\u00e9es, des termes techniques et des d\u00e9tails qui sont encore plus confus que ceux qui nous int\u00e9ressent. C&#039;est exactement le sc\u00e9nario que o <strong>Segredo Seguro<\/strong> Maintenant : nous transformons des informations difficiles dans des contextes clairs et des objectifs, pour que vous entendiez vos dires, sachez exactement ce qui est en contrat et \u00e9vitez les surprises d\u00e9sagradables.<\/p>\n\n\n\n<p>Vale destacar que o <strong>Seguro Seguro n&#039;est pas un courtier en s\u00e9curit\u00e9, ne vend pas d&#039;excuses et ne peut pas avoir n&#039;importe quel film commercial avec des s\u00e9curit\u00e9s.<\/strong>. Notre compromis est purement informatif, avec une totale ind\u00e9pendance \u00e9ditoriale. Notre papier est d&#039;orienter, d&#039;annoncer et de prendre en charge votre entreprise \u2014 sans contrat interm\u00e9diaire.<\/p>\n\n\n\n<hr class=\"wp-block-separator has-alpha-channel-opacity\" \/>\n\n\n\n<h2 class=\"wp-block-heading\">Nossa Miss\u00e3o<\/h2>\n\n\n\n<p>Notre mission est de rendre le march\u00e9 de la s\u00e9curit\u00e9 plus accessible, transparent et facile \u00e0 comprendre pour tout le monde. Nous travaillons pour que tanto quem soit contratando seu primeiro seguro quanto quem j\u00e1 possui ap\u00f3lices possam tomar decis\u00f5es com plus seguran\u00e7a, Clareza et Confian\u00e7a.<\/p>\n\n\n\n<p>Notre compromis est d&#039;\u00e9changer des informations fiables, ainsi que des livres de toute influence commerciale. Ici, il n\u2019existe pas d\u2019espace pour les promesses vazies, les termes compliqu\u00e9s ou les conte\u00fados patrocinados disfar\u00e7ados. Nous sommes accr\u00e9dit\u00e9s <strong>les informations de qualit\u00e9 sont une base pour prot\u00e9ger ce qui est r\u00e9ellement important<\/strong>.<\/p>\n\n\n\n<hr class=\"wp-block-separator has-alpha-channel-opacity\" \/>\n\n\n\n<h2 class=\"wp-block-heading\">Ce que vous encha\u00eenez ici<\/h2>\n\n\n\n<p>Nous avons organis\u00e9 nos contenus pour accompagner chaque \u00e9tape de votre journ\u00e9e dans le monde des s\u00e9curit\u00e9s. Ici, vous rencontrez\u00a0:<\/p>\n\n\n\n<p>\ud83d\udd39 <strong>Planejamento e Escolha do Seguro Id\u00e9al<\/strong><br>Conseils et strat\u00e9gies pour comprendre vos r\u00e9elles n\u00e9cessit\u00e9s, comparer les produits et d\u00e9couvrir le type de s\u00e9curit\u00e9 qui est le plus efficace pour votre vie et votre patrimoine.<\/p>\n\n\n\n<p>\ud83d\udd39 <strong>Entendendo Contratos, Coberturas et Cl\u00e1usulas<\/strong><br>Nous expliquons, de forme simple et objective, comment fonctionnent les contrats de s\u00e9curit\u00e9, ou qui sont des couvertures, des franchises, des droits de douane, des exclusivit\u00e9s et des obligations tant pour la s\u00e9curit\u00e9 que pour la s\u00e9curit\u00e9.<\/p>\n\n\n\n<p>\ud83d\udd39 <strong>Direitos et Deveres do Segurado<\/strong><br>Saiba a quais ses droits, comme l&#039;acteur ou la s\u00e9curit\u00e9, ou ce qui se produit en cas de couverture n\u00e9gative, alors que l&#039;entendement est que les responsabilit\u00e9s assum\u00e9es pour contracter une excuse.<\/p>\n\n\n\n<p>\ud83d\udd39 <strong>Dicas para Contratar com Seguran\u00e7a<\/strong><br>Orientations pratiques pour \u00e9viter les \u00e9checs, \u00e9tudiez les id\u00e9es des entreprises et comprenez les d\u00e9tails qui font toute la diff\u00e9rence dans le contrat.<\/p>\n\n\n\n<p>\ud83d\udd39 <strong>Nouvelles, tendances et actualisations du march\u00e9 de s\u00e9curit\u00e9<\/strong><br>C&#039;est \u00e0 l&#039;int\u00e9rieur des changements l\u00e9gislatifs, des nouveaut\u00e9s du secteur, des tendances, des innovations technologiques et tout cela qu&#039;ils ont un impact direct sur le contrat de s\u00e9curit\u00e9.<\/p>\n\n\n\n<hr class=\"wp-block-separator has-alpha-channel-opacity\" \/>\n\n\n\n<h2 class=\"wp-block-heading\">Nossa Abordagem<\/h2>\n\n\n\n<p>O <strong>Segredo Seguro<\/strong> en forme totalement ind\u00e9pendante, avec un compromis ferme avec <strong>impartialit\u00e9, clart\u00e9 et responsabilit\u00e9<\/strong>. Tout le contenu est d\u00e9velopp\u00e9 de mani\u00e8re interne, \u00e0 partir d&#039;une recherche s\u00e9rique, d&#039;une analyse technique et d&#039;un accompagnement constant des tendances et des changements dans le march\u00e9 de la s\u00e9curit\u00e9.<\/p>\n\n\n\n<p><strong>Nous n&#039;acceptons pas les paiements pour promouvoir des produits, des entreprises ou des services.<\/strong> Notre priorit\u00e9 est de fournir des informations utiles, transparentes et des livres de toute vie commerciale. Nous sommes accr\u00e9dit\u00e9s que comprendre la fonction de s\u00e9curit\u00e9 est un droit de tous et que l&#039;acc\u00e8s \u00e0 l&#039;information est essentiel pour rendre les \u00e9tudiants plus conscients et prot\u00e9g\u00e9s.<\/p>\n\n\n\n<p>Si vous \u00eates en train de chercher votre premi\u00e8re s\u00e9curit\u00e9 ou si vous d\u00e9sirez r\u00e9viser votre protection actuelle, ou <strong>Segredo Seguro<\/strong> C&#039;est ici pour r\u00e9soudre, sans complication, sans inscription et, au plus haut point, un compromis total avec votre s\u00e9curit\u00e9 et votre tranquillit\u00e9.<\/p>\n\n\n\n<hr class=\"wp-block-separator has-alpha-channel-opacity\" \/>","protected":false},"excerpt":{"rendered":"<p>O Segredo Seguro \u00e9 sua fonte confi\u00e1vel de informa\u00e7\u00f5es para quem deseja entender, com clareza e seguran\u00e7a, tudo sobre o universo dos seguros. Aqui, descomplicamos temas complexos como tipos de seguros, cl\u00e1usulas, coberturas, exclus\u00f5es e direitos dos segurados \u2014 sempre com uma linguagem acess\u00edvel, objetiva e livre de burocracias. Nosso objetivo \u00e9 ajudar voc\u00ea a [&hellip;]<\/p>","protected":false},"author":5,"featured_media":0,"parent":0,"menu_order":0,"comment_status":"closed","ping_status":"closed","template":"","meta":{"footnotes":""},"yoast_head":"<!-- This site is optimized with the Yoast SEO plugin v23.3 - https:\/\/yoast.com\/wordpress\/plugins\/seo\/ -->\n<title>Sobre N\u00f3s - Segredo Seguro<\/title>\n<meta name=\"robots\" content=\"index, follow, max-snippet:-1, max-image-preview:large, max-video-preview:-1\" \/>\n<link rel=\"canonical\" href=\"https:\/\/segredoseguro.com\/fr\/sobre-nos\/\" \/>\n<meta property=\"og:locale\" content=\"fr_FR\" \/>\n<meta property=\"og:type\" content=\"article\" \/>\n<meta property=\"og:title\" content=\"Sobre N\u00f3s - Segredo Seguro\" \/>\n<meta property=\"og:description\" content=\"O Segredo Seguro \u00e9 sua fonte confi\u00e1vel de informa\u00e7\u00f5es para quem deseja entender, com clareza e seguran\u00e7a, tudo sobre o universo dos seguros. Aqui, descomplicamos temas complexos como tipos de seguros, cl\u00e1usulas, coberturas, exclus\u00f5es e direitos dos segurados \u2014 sempre com uma linguagem acess\u00edvel, objetiva e livre de burocracias. Nosso objetivo \u00e9 ajudar voc\u00ea a [&hellip;]\" \/>\n<meta property=\"og:url\" content=\"https:\/\/segredoseguro.com\/fr\/sobre-nos\/\" \/>\n<meta property=\"og:site_name\" content=\"Segredo Seguro\" \/>\n<meta name=\"twitter:card\" content=\"summary_large_image\" \/>\n<meta name=\"twitter:label1\" content=\"Est. reading time\" \/>\n\t<meta name=\"twitter:data1\" content=\"3 minutes\" \/>\n<script type=\"application\/ld+json\" class=\"yoast-schema-graph\">{\"@context\":\"https:\/\/schema.org\",\"@graph\":[{\"@type\":\"WebPage\",\"@id\":\"https:\/\/segredoseguro.com\/sobre-nos\/\",\"url\":\"https:\/\/segredoseguro.com\/sobre-nos\/\",\"name\":\"Sobre N\u00f3s - Segredo Seguro\",\"isPartOf\":{\"@id\":\"https:\/\/segredoseguro.com\/#website\"},\"datePublished\":\"2025-06-16T16:29:22+00:00\",\"dateModified\":\"2025-06-16T16:29:22+00:00\",\"breadcrumb\":{\"@id\":\"https:\/\/segredoseguro.com\/sobre-nos\/#breadcrumb\"},\"inLanguage\":\"fr-FR\",\"potentialAction\":[{\"@type\":\"ReadAction\",\"target\":[\"https:\/\/segredoseguro.com\/sobre-nos\/\"]}]},{\"@type\":\"BreadcrumbList\",\"@id\":\"https:\/\/segredoseguro.com\/sobre-nos\/#breadcrumb\",\"itemListElement\":[{\"@type\":\"ListItem\",\"position\":1,\"name\":\"Home\",\"item\":\"https:\/\/segredoseguro.com\/\"},{\"@type\":\"ListItem\",\"position\":2,\"name\":\"Sobre N\u00f3s\"}]},{\"@type\":\"WebSite\",\"@id\":\"https:\/\/segredoseguro.com\/#website\",\"url\":\"https:\/\/segredoseguro.com\/\",\"name\":\"Segredo Seguro\",\"description\":\"\",\"potentialAction\":[{\"@type\":\"SearchAction\",\"target\":{\"@type\":\"EntryPoint\",\"urlTemplate\":\"https:\/\/segredoseguro.com\/?s={search_term_string}\"},\"query-input\":\"required name=search_term_string\"}],\"inLanguage\":\"fr-FR\"}]}<\/script>\n<!-- \/ Yoast SEO plugin. -->","yoast_head_json":{"title":"Sobre N\u00f3s - Segredo Seguro","robots":{"index":"index","follow":"follow","max-snippet":"max-snippet:-1","max-image-preview":"max-image-preview:large","max-video-preview":"max-video-preview:-1"},"canonical":"https:\/\/segredoseguro.com\/fr\/sobre-nos\/","og_locale":"fr_FR","og_type":"article","og_title":"Sobre N\u00f3s - Segredo Seguro","og_description":"O Segredo Seguro \u00e9 sua fonte confi\u00e1vel de informa\u00e7\u00f5es para quem deseja entender, com clareza e seguran\u00e7a, tudo sobre o universo dos seguros. Aqui, descomplicamos temas complexos como tipos de seguros, cl\u00e1usulas, coberturas, exclus\u00f5es e direitos dos segurados \u2014 sempre com uma linguagem acess\u00edvel, objetiva e livre de burocracias. Nosso objetivo \u00e9 ajudar voc\u00ea a [&hellip;]","og_url":"https:\/\/segredoseguro.com\/fr\/sobre-nos\/","og_site_name":"Segredo Seguro","twitter_card":"summary_large_image","twitter_misc":{"Est. reading time":"3 minutes"},"schema":{"@context":"https:\/\/schema.org","@graph":[{"@type":"WebPage","@id":"https:\/\/segredoseguro.com\/sobre-nos\/","url":"https:\/\/segredoseguro.com\/sobre-nos\/","name":"Sobre N\u00f3s - Segredo Seguro","isPartOf":{"@id":"https:\/\/segredoseguro.com\/#website"},"datePublished":"2025-06-16T16:29:22+00:00","dateModified":"2025-06-16T16:29:22+00:00","breadcrumb":{"@id":"https:\/\/segredoseguro.com\/sobre-nos\/#breadcrumb"},"inLanguage":"fr-FR","potentialAction":[{"@type":"ReadAction","target":["https:\/\/segredoseguro.com\/sobre-nos\/"]}]},{"@type":"BreadcrumbList","@id":"https:\/\/segredoseguro.com\/sobre-nos\/#breadcrumb","itemListElement":[{"@type":"ListItem","position":1,"name":"Home","item":"https:\/\/segredoseguro.com\/"},{"@type":"ListItem","position":2,"name":"Sobre N\u00f3s"}]},{"@type":"WebSite","@id":"https:\/\/segredoseguro.com\/#website","url":"https:\/\/segredoseguro.com\/","name":"Segredo Seguro","description":"","potentialAction":[{"@type":"SearchAction","target":{"@type":"EntryPoint","urlTemplate":"https:\/\/segredoseguro.com\/?s={search_term_string}"},"query-input":"required name=search_term_string"}],"inLanguage":"fr-FR"}]}},"_links":{"self":[{"href":"https:\/\/segredoseguro.com\/fr\/wp-json\/wp\/v2\/pages\/144"}],"collection":[{"href":"https:\/\/segredoseguro.com\/fr\/wp-json\/wp\/v2\/pages"}],"about":[{"href":"https:\/\/segredoseguro.com\/fr\/wp-json\/wp\/v2\/types\/page"}],"author":[{"embeddable":true,"href":"https:\/\/segredoseguro.com\/fr\/wp-json\/wp\/v2\/users\/5"}],"replies":[{"embeddable":true,"href":"https:\/\/segredoseguro.com\/fr\/wp-json\/wp\/v2\/comments?post=144"}],"version-history":[{"count":1,"href":"https:\/\/segredoseguro.com\/fr\/wp-json\/wp\/v2\/pages\/144\/revisions"}],"predecessor-version":[{"id":145,"href":"https:\/\/segredoseguro.com\/fr\/wp-json\/wp\/v2\/pages\/144\/revisions\/145"}],"wp:attachment":[{"href":"https:\/\/segredoseguro.com\/fr\/wp-json\/wp\/v2\/media?parent=144"}],"curies":[{"name":"wp","href":"https:\/\/api.w.org\/{rel}","templated":true}]}}